{"id":814,"date":"2025-10-29T10:16:50","date_gmt":"2025-10-29T13:16:50","guid":{"rendered":"https:\/\/shmupmania.com.br\/?post_type=product&#038;p=814"},"modified":"2026-01-07T19:38:48","modified_gmt":"2026-01-07T22:38:48","slug":"shmup-mania-international-n2-pre-venda","status":"publish","type":"product","link":"https:\/\/shmupmania.com.br\/?product=shmup-mania-international-n2-pre-venda","title":{"rendered":"Shmup Mania International N\u00b02 (Pr\u00e9-venda)"},"content":{"rendered":"<p>Esta edi\u00e7\u00e3o ser\u00e1 hist\u00f3rica. N\u00e3o somente teremos um completo review de Earthion, o mais novo projeto de Yuzo Koshiro, como tamb\u00e9m, em uma parceria com a Warpzone,\u00a0 teremos uma entrevista com o lend\u00e1rio compositor japon\u00eas.<\/p>\n<p>Um dos melhores shmups indies desenvolvidos na cena brasileira, True Galactic Mission, ser\u00e1 o foco de um completo review, e ainda teremos uma exclusiva entrevista com o seu criador.<\/p>\n<p>Esta edi\u00e7\u00e3o trar\u00e1 ainda v\u00e1rios outros reviews, como o de Gradius Origins, Interstellar Sentinel, Devil Blade Reboot, Nitro Express dentre outros.<\/p>\n<p>E teremos ainda as se\u00e7\u00f5es C\u00e1psula do Tempo, Cabines, Trilha Sonora, Colecionismo, Port\u00e1teis e muitas outras novidades.<\/p>\n<p>N\u00e3o perca a oportunidade de ter uma parte da hist\u00f3ria dos shmups na sua biblioteca pessoal.<\/p>\n","protected":false},"excerpt":{"rendered":"<p>Pr\u00e9-venda da segunda edi\u00e7\u00e3o internacional da revista Shmup Mania incluindo um card colecion\u00e1vel e um p\u00f4ster exclusivo. Aten\u00e7\u00e3o: esta edi\u00e7\u00e3o est\u00e1 dispon\u00edvel apenas em ingl\u00eas.<\/p>\n<p><span style=\"color: #ff0000;\"><strong>A previs\u00e3o de envio \u00e9 janeiro\/2026.<\/strong><\/span><\/p>\n","protected":false},"featured_media":815,"comment_status":"closed","ping_status":"closed","template":"","meta":[],"product_brand":[],"product_cat":[45],"product_tag":[],"class_list":{"0":"post-814","1":"product","2":"type-product","3":"status-publish","4":"has-post-thumbnail","6":"product_cat-revistas","7":"product_shipping_class-correios","9":"first","10":"outofstock","11":"shipping-taxable","12":"purchasable","13":"product-type-simple"},"yoast_head":"<!-- This site is optimized with the Yoast SEO plugin v27.3 - https:\/\/yoast.com\/product\/yoast-seo-wordpress\/ -->\n<title>Shmup Mania International N\u00b02 (Pr\u00e9-venda) - Shmup Mania<\/title>\n<meta name=\"robots\" content=\"index, follow, max-snippet:-1, max-image-preview:large, max-video-preview:-1\" \/>\n<link rel=\"canonical\" href=\"https:\/\/shmupmania.com.br\/?product=shmup-mania-international-n2-pre-venda\" \/>\n<meta property=\"og:locale\" content=\"pt_BR\" \/>\n<meta property=\"og:type\" content=\"article\" \/>\n<meta property=\"og:title\" content=\"Shmup Mania International N\u00b02 (Pr\u00e9-venda) - Shmup Mania\" \/>\n<meta property=\"og:description\" content=\"Pr\u00e9-venda da segunda edi\u00e7\u00e3o internacional da revista Shmup Mania incluindo um card colecion\u00e1vel e um p\u00f4ster exclusivo. Aten\u00e7\u00e3o: esta edi\u00e7\u00e3o est\u00e1 dispon\u00edvel apenas em ingl\u00eas.  A previs\u00e3o de envio \u00e9 janeiro\/2026.\" \/>\n<meta property=\"og:url\" content=\"https:\/\/shmupmania.com.br\/?product=shmup-mania-international-n2-pre-venda\" \/>\n<meta property=\"og:site_name\" content=\"Shmup Mania\" \/>\n<meta property=\"article:publisher\" content=\"https:\/\/www.facebook.com\/groups\/154479990165334\" \/>\n<meta property=\"article:modified_time\" content=\"2026-01-07T22:38:48+00:00\" \/>\n<meta property=\"og:image\" content=\"https:\/\/shmupmania.com.br\/wp-content\/uploads\/2025\/10\/SM005_inter_capa_listagem.jpg\" \/>\n\t<meta property=\"og:image:width\" content=\"200\" \/>\n\t<meta property=\"og:image:height\" content=\"269\" \/>\n\t<meta property=\"og:image:type\" content=\"image\/jpeg\" \/>\n<meta name=\"twitter:card\" content=\"summary_large_image\" \/>\n<meta name=\"twitter:site\" content=\"@Shmup_Mania\" \/>\n<meta name=\"twitter:label1\" content=\"Est. tempo de leitura\" \/>\n\t<meta name=\"twitter:data1\" content=\"1 minuto\" \/>\n<script type=\"application\/ld+json\" class=\"yoast-schema-graph\">{\"@context\":\"https:\\\/\\\/schema.org\",\"@graph\":[{\"@type\":\"WebPage\",\"@id\":\"https:\\\/\\\/shmupmania.com.br\\\/?product=shmup-mania-international-n2-pre-venda\",\"url\":\"https:\\\/\\\/shmupmania.com.br\\\/?product=shmup-mania-international-n2-pre-venda\",\"name\":\"Shmup Mania International N\u00b02 (Pr\u00e9-venda) - Shmup Mania\",\"isPartOf\":{\"@id\":\"https:\\\/\\\/shmupmania.com.br\\\/#website\"},\"primaryImageOfPage\":{\"@id\":\"https:\\\/\\\/shmupmania.com.br\\\/?product=shmup-mania-international-n2-pre-venda#primaryimage\"},\"image\":{\"@id\":\"https:\\\/\\\/shmupmania.com.br\\\/?product=shmup-mania-international-n2-pre-venda#primaryimage\"},\"thumbnailUrl\":\"https:\\\/\\\/shmupmania.com.br\\\/wp-content\\\/uploads\\\/2025\\\/10\\\/SM005_inter_capa_listagem.jpg\",\"datePublished\":\"2025-10-29T13:16:50+00:00\",\"dateModified\":\"2026-01-07T22:38:48+00:00\",\"breadcrumb\":{\"@id\":\"https:\\\/\\\/shmupmania.com.br\\\/?product=shmup-mania-international-n2-pre-venda#breadcrumb\"},\"inLanguage\":\"pt-BR\",\"potentialAction\":[{\"@type\":\"ReadAction\",\"target\":[\"https:\\\/\\\/shmupmania.com.br\\\/?product=shmup-mania-international-n2-pre-venda\"]}]},{\"@type\":\"ImageObject\",\"inLanguage\":\"pt-BR\",\"@id\":\"https:\\\/\\\/shmupmania.com.br\\\/?product=shmup-mania-international-n2-pre-venda#primaryimage\",\"url\":\"https:\\\/\\\/shmupmania.com.br\\\/wp-content\\\/uploads\\\/2025\\\/10\\\/SM005_inter_capa_listagem.jpg\",\"contentUrl\":\"https:\\\/\\\/shmupmania.com.br\\\/wp-content\\\/uploads\\\/2025\\\/10\\\/SM005_inter_capa_listagem.jpg\",\"width\":200,\"height\":269},{\"@type\":\"BreadcrumbList\",\"@id\":\"https:\\\/\\\/shmupmania.com.br\\\/?product=shmup-mania-international-n2-pre-venda#breadcrumb\",\"itemListElement\":[{\"@type\":\"ListItem\",\"position\":1,\"name\":\"Home\",\"item\":\"https:\\\/\\\/shmupmania.com.br\\\/\"},{\"@type\":\"ListItem\",\"position\":2,\"name\":\"Loja\",\"item\":\"https:\\\/\\\/shmupmania.com.br\\\/?page_id=88\"},{\"@type\":\"ListItem\",\"position\":3,\"name\":\"Shmup Mania International N\u00b02 (Pr\u00e9-venda)\"}]},{\"@type\":\"WebSite\",\"@id\":\"https:\\\/\\\/shmupmania.com.br\\\/#website\",\"url\":\"https:\\\/\\\/shmupmania.com.br\\\/\",\"name\":\"Shmup Mania\",\"description\":\"A revista dos shoot &#039;em ups\",\"publisher\":{\"@id\":\"https:\\\/\\\/shmupmania.com.br\\\/#organization\"},\"potentialAction\":[{\"@type\":\"SearchAction\",\"target\":{\"@type\":\"EntryPoint\",\"urlTemplate\":\"https:\\\/\\\/shmupmania.com.br\\\/?s={search_term_string}\"},\"query-input\":{\"@type\":\"PropertyValueSpecification\",\"valueRequired\":true,\"valueName\":\"search_term_string\"}}],\"inLanguage\":\"pt-BR\"},{\"@type\":\"Organization\",\"@id\":\"https:\\\/\\\/shmupmania.com.br\\\/#organization\",\"name\":\"Shmup Mania\",\"url\":\"https:\\\/\\\/shmupmania.com.br\\\/\",\"logo\":{\"@type\":\"ImageObject\",\"inLanguage\":\"pt-BR\",\"@id\":\"https:\\\/\\\/shmupmania.com.br\\\/#\\\/schema\\\/logo\\\/image\\\/\",\"url\":\"https:\\\/\\\/shmupmania.com.br\\\/wp-content\\\/uploads\\\/2021\\\/09\\\/logo.jpeg\",\"contentUrl\":\"https:\\\/\\\/shmupmania.com.br\\\/wp-content\\\/uploads\\\/2021\\\/09\\\/logo.jpeg\",\"width\":498,\"height\":224,\"caption\":\"Shmup Mania\"},\"image\":{\"@id\":\"https:\\\/\\\/shmupmania.com.br\\\/#\\\/schema\\\/logo\\\/image\\\/\"},\"sameAs\":[\"https:\\\/\\\/www.facebook.com\\\/groups\\\/154479990165334\",\"https:\\\/\\\/x.com\\\/Shmup_Mania\"]}]}<\/script>\n<!-- \/ Yoast SEO plugin. -->","yoast_head_json":{"title":"Shmup Mania International N\u00b02 (Pr\u00e9-venda) - Shmup Mania","robots":{"index":"index","follow":"follow","max-snippet":"max-snippet:-1","max-image-preview":"max-image-preview:large","max-video-preview":"max-video-preview:-1"},"canonical":"https:\/\/shmupmania.com.br\/?product=shmup-mania-international-n2-pre-venda","og_locale":"pt_BR","og_type":"article","og_title":"Shmup Mania International N\u00b02 (Pr\u00e9-venda) - Shmup Mania","og_description":"Pr\u00e9-venda da segunda edi\u00e7\u00e3o internacional da revista Shmup Mania incluindo um card colecion\u00e1vel e um p\u00f4ster exclusivo. Aten\u00e7\u00e3o: esta edi\u00e7\u00e3o est\u00e1 dispon\u00edvel apenas em ingl\u00eas.  A previs\u00e3o de envio \u00e9 janeiro\/2026.","og_url":"https:\/\/shmupmania.com.br\/?product=shmup-mania-international-n2-pre-venda","og_site_name":"Shmup Mania","article_publisher":"https:\/\/www.facebook.com\/groups\/154479990165334","article_modified_time":"2026-01-07T22:38:48+00:00","og_image":[{"width":200,"height":269,"url":"https:\/\/shmupmania.com.br\/wp-content\/uploads\/2025\/10\/SM005_inter_capa_listagem.jpg","type":"image\/jpeg"}],"twitter_card":"summary_large_image","twitter_site":"@Shmup_Mania","twitter_misc":{"Est. tempo de leitura":"1 minuto"},"schema":{"@context":"https:\/\/schema.org","@graph":[{"@type":"WebPage","@id":"https:\/\/shmupmania.com.br\/?product=shmup-mania-international-n2-pre-venda","url":"https:\/\/shmupmania.com.br\/?product=shmup-mania-international-n2-pre-venda","name":"Shmup Mania International N\u00b02 (Pr\u00e9-venda) - Shmup Mania","isPartOf":{"@id":"https:\/\/shmupmania.com.br\/#website"},"primaryImageOfPage":{"@id":"https:\/\/shmupmania.com.br\/?product=shmup-mania-international-n2-pre-venda#primaryimage"},"image":{"@id":"https:\/\/shmupmania.com.br\/?product=shmup-mania-international-n2-pre-venda#primaryimage"},"thumbnailUrl":"https:\/\/shmupmania.com.br\/wp-content\/uploads\/2025\/10\/SM005_inter_capa_listagem.jpg","datePublished":"2025-10-29T13:16:50+00:00","dateModified":"2026-01-07T22:38:48+00:00","breadcrumb":{"@id":"https:\/\/shmupmania.com.br\/?product=shmup-mania-international-n2-pre-venda#breadcrumb"},"inLanguage":"pt-BR","potentialAction":[{"@type":"ReadAction","target":["https:\/\/shmupmania.com.br\/?product=shmup-mania-international-n2-pre-venda"]}]},{"@type":"ImageObject","inLanguage":"pt-BR","@id":"https:\/\/shmupmania.com.br\/?product=shmup-mania-international-n2-pre-venda#primaryimage","url":"https:\/\/shmupmania.com.br\/wp-content\/uploads\/2025\/10\/SM005_inter_capa_listagem.jpg","contentUrl":"https:\/\/shmupmania.com.br\/wp-content\/uploads\/2025\/10\/SM005_inter_capa_listagem.jpg","width":200,"height":269},{"@type":"BreadcrumbList","@id":"https:\/\/shmupmania.com.br\/?product=shmup-mania-international-n2-pre-venda#breadcrumb","itemListElement":[{"@type":"ListItem","position":1,"name":"Home","item":"https:\/\/shmupmania.com.br\/"},{"@type":"ListItem","position":2,"name":"Loja","item":"https:\/\/shmupmania.com.br\/?page_id=88"},{"@type":"ListItem","position":3,"name":"Shmup Mania International N\u00b02 (Pr\u00e9-venda)"}]},{"@type":"WebSite","@id":"https:\/\/shmupmania.com.br\/#website","url":"https:\/\/shmupmania.com.br\/","name":"Shmup Mania","description":"A revista dos shoot &#039;em ups","publisher":{"@id":"https:\/\/shmupmania.com.br\/#organization"},"potentialAction":[{"@type":"SearchAction","target":{"@type":"EntryPoint","urlTemplate":"https:\/\/shmupmania.com.br\/?s={search_term_string}"},"query-input":{"@type":"PropertyValueSpecification","valueRequired":true,"valueName":"search_term_string"}}],"inLanguage":"pt-BR"},{"@type":"Organization","@id":"https:\/\/shmupmania.com.br\/#organization","name":"Shmup Mania","url":"https:\/\/shmupmania.com.br\/","logo":{"@type":"ImageObject","inLanguage":"pt-BR","@id":"https:\/\/shmupmania.com.br\/#\/schema\/logo\/image\/","url":"https:\/\/shmupmania.com.br\/wp-content\/uploads\/2021\/09\/logo.jpeg","contentUrl":"https:\/\/shmupmania.com.br\/wp-content\/uploads\/2021\/09\/logo.jpeg","width":498,"height":224,"caption":"Shmup Mania"},"image":{"@id":"https:\/\/shmupmania.com.br\/#\/schema\/logo\/image\/"},"sameAs":["https:\/\/www.facebook.com\/groups\/154479990165334","https:\/\/x.com\/Shmup_Mania"]}]}},"_links":{"self":[{"href":"https:\/\/shmupmania.com.br\/index.php?rest_route=\/wp\/v2\/product\/814","targetHints":{"allow":["GET"]}}],"collection":[{"href":"https:\/\/shmupmania.com.br\/index.php?rest_route=\/wp\/v2\/product"}],"about":[{"href":"https:\/\/shmupmania.com.br\/index.php?rest_route=\/wp\/v2\/types\/product"}],"replies":[{"embeddable":true,"href":"https:\/\/shmupmania.com.br\/index.php?rest_route=%2Fwp%2Fv2%2Fcomments&post=814"}],"wp:featuredmedia":[{"embeddable":true,"href":"https:\/\/shmupmania.com.br\/index.php?rest_route=\/wp\/v2\/media\/815"}],"wp:attachment":[{"href":"https:\/\/shmupmania.com.br\/index.php?rest_route=%2Fwp%2Fv2%2Fmedia&parent=814"}],"wp:term":[{"taxonomy":"product_brand","embeddable":true,"href":"https:\/\/shmupmania.com.br\/index.php?rest_route=%2Fwp%2Fv2%2Fproduct_brand&post=814"},{"taxonomy":"product_cat","embeddable":true,"href":"https:\/\/shmupmania.com.br\/index.php?rest_route=%2Fwp%2Fv2%2Fproduct_cat&post=814"},{"taxonomy":"product_tag","embeddable":true,"href":"https:\/\/shmupmania.com.br\/index.php?rest_route=%2Fwp%2Fv2%2Fproduct_tag&post=814"}],"curies":[{"name":"wp","href":"https:\/\/api.w.org\/{rel}","templated":true}]}}