{"id":470,"date":"2022-02-24T15:35:39","date_gmt":"2022-02-24T18:35:39","guid":{"rendered":"https:\/\/shmupmania.com.br\/?post_type=product&#038;p=470"},"modified":"2025-11-06T09:42:14","modified_gmt":"2025-11-06T12:42:14","slug":"revista-shmup-mania-n2","status":"publish","type":"product","link":"https:\/\/shmupmania.com.br\/?product=revista-shmup-mania-n2","title":{"rendered":"Shmup Mania N\u00b02"},"content":{"rendered":"<p>Esta edi\u00e7\u00e3o cont\u00e9m:<\/p>\n<ul>\n<li>Uma an\u00e1lise do jogo Techbeat Heart e uma entrevista com o seu criador.<\/li>\n<li>Uma entrevista exclusiva com o desenvolvedor espanhol Locomalito, criador de cl\u00e1ssicos como Super Hydorah.<\/li>\n<li>An\u00e1lise da trilha sonora de Gradius 3, com detalhes do seu lan\u00e7amento em m\u00eddia f\u00edsica.<\/li>\n<li>An\u00e1lise da colet\u00e2nea Toaplan Arcade Garage.<\/li>\n<li>E muito mais!<\/li>\n<\/ul>\n","protected":false},"excerpt":{"rendered":"<p>A segunda edi\u00e7\u00e3o da revista Shmup Mania incluindo um card colecion\u00e1vel.<\/p>\n","protected":false},"featured_media":617,"comment_status":"closed","ping_status":"closed","template":"","meta":[],"product_brand":[],"product_cat":[45],"product_tag":[],"class_list":{"0":"post-470","1":"product","2":"type-product","3":"status-publish","4":"has-post-thumbnail","6":"product_cat-revistas","7":"product_shipping_class-correios","9":"first","10":"instock","11":"shipping-taxable","12":"purchasable","13":"product-type-simple"},"yoast_head":"<!-- This site is optimized with the Yoast SEO plugin v27.3 - https:\/\/yoast.com\/product\/yoast-seo-wordpress\/ -->\n<title>Shmup Mania N\u00b02 - Shmup Mania<\/title>\n<meta name=\"robots\" content=\"index, follow, max-snippet:-1, max-image-preview:large, max-video-preview:-1\" \/>\n<link rel=\"canonical\" href=\"https:\/\/shmupmania.com.br\/?product=revista-shmup-mania-n2\" \/>\n<meta property=\"og:locale\" content=\"pt_BR\" \/>\n<meta property=\"og:type\" content=\"article\" \/>\n<meta property=\"og:title\" content=\"Shmup Mania N\u00b02 - Shmup Mania\" \/>\n<meta property=\"og:description\" content=\"A segunda edi\u00e7\u00e3o da revista Shmup Mania incluindo um card colecion\u00e1vel.\" \/>\n<meta property=\"og:url\" content=\"https:\/\/shmupmania.com.br\/?product=revista-shmup-mania-n2\" \/>\n<meta property=\"og:site_name\" content=\"Shmup Mania\" \/>\n<meta property=\"article:publisher\" content=\"https:\/\/www.facebook.com\/groups\/154479990165334\" \/>\n<meta property=\"article:modified_time\" content=\"2025-11-06T12:42:14+00:00\" \/>\n<meta property=\"og:image\" content=\"https:\/\/shmupmania.com.br\/wp-content\/uploads\/2022\/02\/Capa-edicao-2-1_newest.png\" \/>\n\t<meta property=\"og:image:width\" content=\"202\" \/>\n\t<meta property=\"og:image:height\" content=\"268\" \/>\n\t<meta property=\"og:image:type\" content=\"image\/png\" \/>\n<meta name=\"twitter:card\" content=\"summary_large_image\" \/>\n<meta name=\"twitter:site\" content=\"@Shmup_Mania\" \/>\n<meta name=\"twitter:label1\" content=\"Est. tempo de leitura\" \/>\n\t<meta name=\"twitter:data1\" content=\"1 minuto\" \/>\n<script type=\"application\/ld+json\" class=\"yoast-schema-graph\">{\"@context\":\"https:\\\/\\\/schema.org\",\"@graph\":[{\"@type\":\"WebPage\",\"@id\":\"https:\\\/\\\/shmupmania.com.br\\\/?product=revista-shmup-mania-n2\",\"url\":\"https:\\\/\\\/shmupmania.com.br\\\/?product=revista-shmup-mania-n2\",\"name\":\"Shmup Mania N\u00b02 - Shmup Mania\",\"isPartOf\":{\"@id\":\"https:\\\/\\\/shmupmania.com.br\\\/#website\"},\"primaryImageOfPage\":{\"@id\":\"https:\\\/\\\/shmupmania.com.br\\\/?product=revista-shmup-mania-n2#primaryimage\"},\"image\":{\"@id\":\"https:\\\/\\\/shmupmania.com.br\\\/?product=revista-shmup-mania-n2#primaryimage\"},\"thumbnailUrl\":\"https:\\\/\\\/shmupmania.com.br\\\/wp-content\\\/uploads\\\/2022\\\/02\\\/Capa-edicao-2-1_newest.png\",\"datePublished\":\"2022-02-24T18:35:39+00:00\",\"dateModified\":\"2025-11-06T12:42:14+00:00\",\"breadcrumb\":{\"@id\":\"https:\\\/\\\/shmupmania.com.br\\\/?product=revista-shmup-mania-n2#breadcrumb\"},\"inLanguage\":\"pt-BR\",\"potentialAction\":[{\"@type\":\"ReadAction\",\"target\":[\"https:\\\/\\\/shmupmania.com.br\\\/?product=revista-shmup-mania-n2\"]}]},{\"@type\":\"ImageObject\",\"inLanguage\":\"pt-BR\",\"@id\":\"https:\\\/\\\/shmupmania.com.br\\\/?product=revista-shmup-mania-n2#primaryimage\",\"url\":\"https:\\\/\\\/shmupmania.com.br\\\/wp-content\\\/uploads\\\/2022\\\/02\\\/Capa-edicao-2-1_newest.png\",\"contentUrl\":\"https:\\\/\\\/shmupmania.com.br\\\/wp-content\\\/uploads\\\/2022\\\/02\\\/Capa-edicao-2-1_newest.png\",\"width\":202,\"height\":268},{\"@type\":\"BreadcrumbList\",\"@id\":\"https:\\\/\\\/shmupmania.com.br\\\/?product=revista-shmup-mania-n2#breadcrumb\",\"itemListElement\":[{\"@type\":\"ListItem\",\"position\":1,\"name\":\"Home\",\"item\":\"https:\\\/\\\/shmupmania.com.br\\\/\"},{\"@type\":\"ListItem\",\"position\":2,\"name\":\"Loja\",\"item\":\"https:\\\/\\\/shmupmania.com.br\\\/?page_id=88\"},{\"@type\":\"ListItem\",\"position\":3,\"name\":\"Shmup Mania N\u00b02\"}]},{\"@type\":\"WebSite\",\"@id\":\"https:\\\/\\\/shmupmania.com.br\\\/#website\",\"url\":\"https:\\\/\\\/shmupmania.com.br\\\/\",\"name\":\"Shmup Mania\",\"description\":\"A revista dos shoot &#039;em ups\",\"publisher\":{\"@id\":\"https:\\\/\\\/shmupmania.com.br\\\/#organization\"},\"potentialAction\":[{\"@type\":\"SearchAction\",\"target\":{\"@type\":\"EntryPoint\",\"urlTemplate\":\"https:\\\/\\\/shmupmania.com.br\\\/?s={search_term_string}\"},\"query-input\":{\"@type\":\"PropertyValueSpecification\",\"valueRequired\":true,\"valueName\":\"search_term_string\"}}],\"inLanguage\":\"pt-BR\"},{\"@type\":\"Organization\",\"@id\":\"https:\\\/\\\/shmupmania.com.br\\\/#organization\",\"name\":\"Shmup Mania\",\"url\":\"https:\\\/\\\/shmupmania.com.br\\\/\",\"logo\":{\"@type\":\"ImageObject\",\"inLanguage\":\"pt-BR\",\"@id\":\"https:\\\/\\\/shmupmania.com.br\\\/#\\\/schema\\\/logo\\\/image\\\/\",\"url\":\"https:\\\/\\\/shmupmania.com.br\\\/wp-content\\\/uploads\\\/2021\\\/09\\\/logo.jpeg\",\"contentUrl\":\"https:\\\/\\\/shmupmania.com.br\\\/wp-content\\\/uploads\\\/2021\\\/09\\\/logo.jpeg\",\"width\":498,\"height\":224,\"caption\":\"Shmup Mania\"},\"image\":{\"@id\":\"https:\\\/\\\/shmupmania.com.br\\\/#\\\/schema\\\/logo\\\/image\\\/\"},\"sameAs\":[\"https:\\\/\\\/www.facebook.com\\\/groups\\\/154479990165334\",\"https:\\\/\\\/x.com\\\/Shmup_Mania\"]}]}<\/script>\n<!-- \/ Yoast SEO plugin. -->","yoast_head_json":{"title":"Shmup Mania N\u00b02 - Shmup Mania","robots":{"index":"index","follow":"follow","max-snippet":"max-snippet:-1","max-image-preview":"max-image-preview:large","max-video-preview":"max-video-preview:-1"},"canonical":"https:\/\/shmupmania.com.br\/?product=revista-shmup-mania-n2","og_locale":"pt_BR","og_type":"article","og_title":"Shmup Mania N\u00b02 - Shmup Mania","og_description":"A segunda edi\u00e7\u00e3o da revista Shmup Mania incluindo um card colecion\u00e1vel.","og_url":"https:\/\/shmupmania.com.br\/?product=revista-shmup-mania-n2","og_site_name":"Shmup Mania","article_publisher":"https:\/\/www.facebook.com\/groups\/154479990165334","article_modified_time":"2025-11-06T12:42:14+00:00","og_image":[{"width":202,"height":268,"url":"https:\/\/shmupmania.com.br\/wp-content\/uploads\/2022\/02\/Capa-edicao-2-1_newest.png","type":"image\/png"}],"twitter_card":"summary_large_image","twitter_site":"@Shmup_Mania","twitter_misc":{"Est. tempo de leitura":"1 minuto"},"schema":{"@context":"https:\/\/schema.org","@graph":[{"@type":"WebPage","@id":"https:\/\/shmupmania.com.br\/?product=revista-shmup-mania-n2","url":"https:\/\/shmupmania.com.br\/?product=revista-shmup-mania-n2","name":"Shmup Mania N\u00b02 - Shmup Mania","isPartOf":{"@id":"https:\/\/shmupmania.com.br\/#website"},"primaryImageOfPage":{"@id":"https:\/\/shmupmania.com.br\/?product=revista-shmup-mania-n2#primaryimage"},"image":{"@id":"https:\/\/shmupmania.com.br\/?product=revista-shmup-mania-n2#primaryimage"},"thumbnailUrl":"https:\/\/shmupmania.com.br\/wp-content\/uploads\/2022\/02\/Capa-edicao-2-1_newest.png","datePublished":"2022-02-24T18:35:39+00:00","dateModified":"2025-11-06T12:42:14+00:00","breadcrumb":{"@id":"https:\/\/shmupmania.com.br\/?product=revista-shmup-mania-n2#breadcrumb"},"inLanguage":"pt-BR","potentialAction":[{"@type":"ReadAction","target":["https:\/\/shmupmania.com.br\/?product=revista-shmup-mania-n2"]}]},{"@type":"ImageObject","inLanguage":"pt-BR","@id":"https:\/\/shmupmania.com.br\/?product=revista-shmup-mania-n2#primaryimage","url":"https:\/\/shmupmania.com.br\/wp-content\/uploads\/2022\/02\/Capa-edicao-2-1_newest.png","contentUrl":"https:\/\/shmupmania.com.br\/wp-content\/uploads\/2022\/02\/Capa-edicao-2-1_newest.png","width":202,"height":268},{"@type":"BreadcrumbList","@id":"https:\/\/shmupmania.com.br\/?product=revista-shmup-mania-n2#breadcrumb","itemListElement":[{"@type":"ListItem","position":1,"name":"Home","item":"https:\/\/shmupmania.com.br\/"},{"@type":"ListItem","position":2,"name":"Loja","item":"https:\/\/shmupmania.com.br\/?page_id=88"},{"@type":"ListItem","position":3,"name":"Shmup Mania N\u00b02"}]},{"@type":"WebSite","@id":"https:\/\/shmupmania.com.br\/#website","url":"https:\/\/shmupmania.com.br\/","name":"Shmup Mania","description":"A revista dos shoot &#039;em ups","publisher":{"@id":"https:\/\/shmupmania.com.br\/#organization"},"potentialAction":[{"@type":"SearchAction","target":{"@type":"EntryPoint","urlTemplate":"https:\/\/shmupmania.com.br\/?s={search_term_string}"},"query-input":{"@type":"PropertyValueSpecification","valueRequired":true,"valueName":"search_term_string"}}],"inLanguage":"pt-BR"},{"@type":"Organization","@id":"https:\/\/shmupmania.com.br\/#organization","name":"Shmup Mania","url":"https:\/\/shmupmania.com.br\/","logo":{"@type":"ImageObject","inLanguage":"pt-BR","@id":"https:\/\/shmupmania.com.br\/#\/schema\/logo\/image\/","url":"https:\/\/shmupmania.com.br\/wp-content\/uploads\/2021\/09\/logo.jpeg","contentUrl":"https:\/\/shmupmania.com.br\/wp-content\/uploads\/2021\/09\/logo.jpeg","width":498,"height":224,"caption":"Shmup Mania"},"image":{"@id":"https:\/\/shmupmania.com.br\/#\/schema\/logo\/image\/"},"sameAs":["https:\/\/www.facebook.com\/groups\/154479990165334","https:\/\/x.com\/Shmup_Mania"]}]}},"_links":{"self":[{"href":"https:\/\/shmupmania.com.br\/index.php?rest_route=\/wp\/v2\/product\/470","targetHints":{"allow":["GET"]}}],"collection":[{"href":"https:\/\/shmupmania.com.br\/index.php?rest_route=\/wp\/v2\/product"}],"about":[{"href":"https:\/\/shmupmania.com.br\/index.php?rest_route=\/wp\/v2\/types\/product"}],"replies":[{"embeddable":true,"href":"https:\/\/shmupmania.com.br\/index.php?rest_route=%2Fwp%2Fv2%2Fcomments&post=470"}],"wp:featuredmedia":[{"embeddable":true,"href":"https:\/\/shmupmania.com.br\/index.php?rest_route=\/wp\/v2\/media\/617"}],"wp:attachment":[{"href":"https:\/\/shmupmania.com.br\/index.php?rest_route=%2Fwp%2Fv2%2Fmedia&parent=470"}],"wp:term":[{"taxonomy":"product_brand","embeddable":true,"href":"https:\/\/shmupmania.com.br\/index.php?rest_route=%2Fwp%2Fv2%2Fproduct_brand&post=470"},{"taxonomy":"product_cat","embeddable":true,"href":"https:\/\/shmupmania.com.br\/index.php?rest_route=%2Fwp%2Fv2%2Fproduct_cat&post=470"},{"taxonomy":"product_tag","embeddable":true,"href":"https:\/\/shmupmania.com.br\/index.php?rest_route=%2Fwp%2Fv2%2Fproduct_tag&post=470"}],"curies":[{"name":"wp","href":"https:\/\/api.w.org\/{rel}","templated":true}]}}