{"id":91,"date":"2021-01-25T02:33:29","date_gmt":"2021-01-25T05:33:29","guid":{"rendered":"https:\/\/shmupmania.com.br\/?page_id=91"},"modified":"2021-01-25T02:33:29","modified_gmt":"2021-01-25T05:33:29","slug":"minha-conta","status":"publish","type":"page","link":"https:\/\/shmupmania.com.br\/?page_id=91","title":{"rendered":"Minha conta"},"content":{"rendered":"<div class=\"woocommerce\"><div class=\"woocommerce-notices-wrapper\"><\/div>\n\n<div class=\"u-columns col2-set\" id=\"customer_login\">\n\n\t<div class=\"u-column1 col-1\">\n\n\n\t\t<h2>Entrar<\/h2>\n\n\t\t<form class=\"woocommerce-form woocommerce-form-login login\" method=\"post\" novalidate>\n\n\t\t\t\n\t\t\t<p class=\"woocommerce-form-row woocommerce-form-row--wide form-row form-row-wide\">\n\t\t\t\t<label for=\"username\">Nome de usu\u00e1rio ou e-mail\u00a0<span class=\"required\" aria-hidden=\"true\">*<\/span><span class=\"screen-reader-text\">Obrigat\u00f3rio<\/span><\/label>\n\t\t\t\t<input type=\"text\" class=\"woocommerce-Input woocommerce-Input--text input-text\" name=\"username\" id=\"username\" autocomplete=\"username\" value=\"\" required aria-required=\"true\" \/>\t\t\t<\/p>\n\t\t\t<p class=\"woocommerce-form-row woocommerce-form-row--wide form-row form-row-wide\">\n\t\t\t\t<label for=\"password\">Senha\u00a0<span class=\"required\" aria-hidden=\"true\">*<\/span><span class=\"screen-reader-text\">Obrigat\u00f3rio<\/span><\/label>\n\t\t\t\t<input class=\"woocommerce-Input woocommerce-Input--text input-text\" type=\"password\" name=\"password\" id=\"password\" autocomplete=\"current-password\" required aria-required=\"true\" \/>\n\t\t\t<\/p>\n\n\t\t\t\n\t\t\t<p class=\"form-row\">\n\t\t\t\t<label class=\"woocommerce-form__label woocommerce-form__label-for-checkbox woocommerce-form-login__rememberme\">\n\t\t\t\t\t<input class=\"woocommerce-form__input woocommerce-form__input-checkbox\" name=\"rememberme\" type=\"checkbox\" id=\"rememberme\" value=\"forever\" \/> <span>Lembre-me<\/span>\n\t\t\t\t<\/label>\n\t\t\t\t<input type=\"hidden\" id=\"woocommerce-login-nonce\" name=\"woocommerce-login-nonce\" value=\"d89e68b9c2\" \/><input type=\"hidden\" name=\"_wp_http_referer\" value=\"\/index.php?rest_route=%2Fwp%2Fv2%2Fpages%2F91\" \/>\t\t\t\t<button type=\"submit\" class=\"woocommerce-button button woocommerce-form-login__submit\" name=\"login\" value=\"Acessar\">Acessar<\/button>\n\t\t\t<\/p>\n\t\t\t<p class=\"woocommerce-LostPassword lost_password\">\n\t\t\t\t<a href=\"https:\/\/shmupmania.com.br\/?page_id=91&lost-password\">Perdeu sua senha?<\/a>\n\t\t\t<\/p>\n\n\t\t\t\n\t\t<\/form>\n\n\n\t<\/div>\n\n\t<div class=\"u-column2 col-2\">\n\n\t\t<h2>Cadastre-se<\/h2>\n\n\t\t<form method=\"post\" class=\"woocommerce-form woocommerce-form-register register\"  >\n\n\t\t\t\n\t\t\t\n\t\t\t<p class=\"woocommerce-form-row woocommerce-form-row--wide form-row form-row-wide\">\n\t\t\t\t<label for=\"reg_email\">Endere\u00e7o de e-mail\u00a0<span class=\"required\" aria-hidden=\"true\">*<\/span><span class=\"screen-reader-text\">Obrigat\u00f3rio<\/span><\/label>\n\t\t\t\t<input type=\"email\" class=\"woocommerce-Input woocommerce-Input--text input-text\" name=\"email\" id=\"reg_email\" autocomplete=\"email\" value=\"\" required aria-required=\"true\" \/>\t\t\t<\/p>\n\n\t\t\t\n\t\t\t\t<p>Um link para definir uma nova senha ser\u00e1 enviado para seu endere\u00e7o de e-mail.<\/p>\n\n\t\t\t\n\t\t\t<wc-order-attribution-inputs><\/wc-order-attribution-inputs><div class=\"woocommerce-privacy-policy-text\"><p>Seus dados pessoais ser\u00e3o usados para aprimorar a sua experi\u00eancia em todo este site, para gerenciar o acesso a sua conta e para outros prop\u00f3sitos, como descritos em nossa <a href=\"https:\/\/shmupmania.com.br\/?page_id=3\" class=\"woocommerce-privacy-policy-link\" target=\"_blank\">pol\u00edtica de privacidade<\/a>.<\/p>\n<\/div>\n\t\t\t<p class=\"woocommerce-form-row form-row\">\n\t\t\t\t<input type=\"hidden\" id=\"woocommerce-register-nonce\" name=\"woocommerce-register-nonce\" value=\"14cd8247e1\" \/><input type=\"hidden\" name=\"_wp_http_referer\" value=\"\/index.php?rest_route=%2Fwp%2Fv2%2Fpages%2F91\" \/>\t\t\t\t<button type=\"submit\" class=\"woocommerce-Button woocommerce-button button woocommerce-form-register__submit\" name=\"register\" value=\"Cadastre-se\">Cadastre-se<\/button>\n\t\t\t<\/p>\n\n\t\t\t\n\t\t<\/form>\n\n\t<\/div>\n\n<\/div>\n\n<\/div>\n","protected":false},"excerpt":{"rendered":"","protected":false},"author":1,"featured_media":0,"parent":0,"menu_order":0,"comment_status":"closed","ping_status":"closed","template":"","meta":{"footnotes":""},"class_list":["post-91","page","type-page","status-publish","hentry"],"yoast_head":"<!-- This site is optimized with the Yoast SEO plugin v27.5 - https:\/\/yoast.com\/product\/yoast-seo-wordpress\/ -->\n<title>Minha conta - Shmup Mania<\/title>\n<meta name=\"robots\" content=\"index, follow, max-snippet:-1, max-image-preview:large, max-video-preview:-1\" \/>\n<link rel=\"canonical\" href=\"https:\/\/shmupmania.com.br\/?page_id=91\" \/>\n<meta property=\"og:locale\" content=\"pt_BR\" \/>\n<meta property=\"og:type\" content=\"article\" \/>\n<meta property=\"og:title\" content=\"Minha conta - Shmup Mania\" \/>\n<meta property=\"og:url\" content=\"https:\/\/shmupmania.com.br\/?page_id=91\" \/>\n<meta property=\"og:site_name\" content=\"Shmup Mania\" \/>\n<meta property=\"article:publisher\" content=\"https:\/\/www.facebook.com\/groups\/154479990165334\" \/>\n<meta name=\"twitter:card\" content=\"summary_large_image\" \/>\n<meta name=\"twitter:site\" content=\"@Shmup_Mania\" \/>\n<script type=\"application\/ld+json\" class=\"yoast-schema-graph\">{\"@context\":\"https:\\\/\\\/schema.org\",\"@graph\":[{\"@type\":\"WebPage\",\"@id\":\"https:\\\/\\\/shmupmania.com.br\\\/?page_id=91\",\"url\":\"https:\\\/\\\/shmupmania.com.br\\\/?page_id=91\",\"name\":\"Minha conta - Shmup Mania\",\"isPartOf\":{\"@id\":\"https:\\\/\\\/shmupmania.com.br\\\/#website\"},\"datePublished\":\"2021-01-25T05:33:29+00:00\",\"breadcrumb\":{\"@id\":\"https:\\\/\\\/shmupmania.com.br\\\/?page_id=91#breadcrumb\"},\"inLanguage\":\"pt-BR\",\"potentialAction\":[{\"@type\":\"ReadAction\",\"target\":[\"https:\\\/\\\/shmupmania.com.br\\\/?page_id=91\"]}]},{\"@type\":\"BreadcrumbList\",\"@id\":\"https:\\\/\\\/shmupmania.com.br\\\/?page_id=91#breadcrumb\",\"itemListElement\":[{\"@type\":\"ListItem\",\"position\":1,\"name\":\"Home\",\"item\":\"https:\\\/\\\/shmupmania.com.br\\\/\"},{\"@type\":\"ListItem\",\"position\":2,\"name\":\"Minha conta\"}]},{\"@type\":\"WebSite\",\"@id\":\"https:\\\/\\\/shmupmania.com.br\\\/#website\",\"url\":\"https:\\\/\\\/shmupmania.com.br\\\/\",\"name\":\"Shmup Mania\",\"description\":\"A revista dos shoot &#039;em ups\",\"publisher\":{\"@id\":\"https:\\\/\\\/shmupmania.com.br\\\/#organization\"},\"potentialAction\":[{\"@type\":\"SearchAction\",\"target\":{\"@type\":\"EntryPoint\",\"urlTemplate\":\"https:\\\/\\\/shmupmania.com.br\\\/?s={search_term_string}\"},\"query-input\":{\"@type\":\"PropertyValueSpecification\",\"valueRequired\":true,\"valueName\":\"search_term_string\"}}],\"inLanguage\":\"pt-BR\"},{\"@type\":\"Organization\",\"@id\":\"https:\\\/\\\/shmupmania.com.br\\\/#organization\",\"name\":\"Shmup Mania\",\"url\":\"https:\\\/\\\/shmupmania.com.br\\\/\",\"logo\":{\"@type\":\"ImageObject\",\"inLanguage\":\"pt-BR\",\"@id\":\"https:\\\/\\\/shmupmania.com.br\\\/#\\\/schema\\\/logo\\\/image\\\/\",\"url\":\"https:\\\/\\\/shmupmania.com.br\\\/wp-content\\\/uploads\\\/2021\\\/09\\\/logo.jpeg\",\"contentUrl\":\"https:\\\/\\\/shmupmania.com.br\\\/wp-content\\\/uploads\\\/2021\\\/09\\\/logo.jpeg\",\"width\":498,\"height\":224,\"caption\":\"Shmup Mania\"},\"image\":{\"@id\":\"https:\\\/\\\/shmupmania.com.br\\\/#\\\/schema\\\/logo\\\/image\\\/\"},\"sameAs\":[\"https:\\\/\\\/www.facebook.com\\\/groups\\\/154479990165334\",\"https:\\\/\\\/x.com\\\/Shmup_Mania\"]}]}<\/script>\n<!-- \/ Yoast SEO plugin. -->","yoast_head_json":{"title":"Minha conta - Shmup Mania","robots":{"index":"index","follow":"follow","max-snippet":"max-snippet:-1","max-image-preview":"max-image-preview:large","max-video-preview":"max-video-preview:-1"},"canonical":"https:\/\/shmupmania.com.br\/?page_id=91","og_locale":"pt_BR","og_type":"article","og_title":"Minha conta - Shmup Mania","og_url":"https:\/\/shmupmania.com.br\/?page_id=91","og_site_name":"Shmup Mania","article_publisher":"https:\/\/www.facebook.com\/groups\/154479990165334","twitter_card":"summary_large_image","twitter_site":"@Shmup_Mania","schema":{"@context":"https:\/\/schema.org","@graph":[{"@type":"WebPage","@id":"https:\/\/shmupmania.com.br\/?page_id=91","url":"https:\/\/shmupmania.com.br\/?page_id=91","name":"Minha conta - Shmup Mania","isPartOf":{"@id":"https:\/\/shmupmania.com.br\/#website"},"datePublished":"2021-01-25T05:33:29+00:00","breadcrumb":{"@id":"https:\/\/shmupmania.com.br\/?page_id=91#breadcrumb"},"inLanguage":"pt-BR","potentialAction":[{"@type":"ReadAction","target":["https:\/\/shmupmania.com.br\/?page_id=91"]}]},{"@type":"BreadcrumbList","@id":"https:\/\/shmupmania.com.br\/?page_id=91#breadcrumb","itemListElement":[{"@type":"ListItem","position":1,"name":"Home","item":"https:\/\/shmupmania.com.br\/"},{"@type":"ListItem","position":2,"name":"Minha conta"}]},{"@type":"WebSite","@id":"https:\/\/shmupmania.com.br\/#website","url":"https:\/\/shmupmania.com.br\/","name":"Shmup Mania","description":"A revista dos shoot &#039;em ups","publisher":{"@id":"https:\/\/shmupmania.com.br\/#organization"},"potentialAction":[{"@type":"SearchAction","target":{"@type":"EntryPoint","urlTemplate":"https:\/\/shmupmania.com.br\/?s={search_term_string}"},"query-input":{"@type":"PropertyValueSpecification","valueRequired":true,"valueName":"search_term_string"}}],"inLanguage":"pt-BR"},{"@type":"Organization","@id":"https:\/\/shmupmania.com.br\/#organization","name":"Shmup Mania","url":"https:\/\/shmupmania.com.br\/","logo":{"@type":"ImageObject","inLanguage":"pt-BR","@id":"https:\/\/shmupmania.com.br\/#\/schema\/logo\/image\/","url":"https:\/\/shmupmania.com.br\/wp-content\/uploads\/2021\/09\/logo.jpeg","contentUrl":"https:\/\/shmupmania.com.br\/wp-content\/uploads\/2021\/09\/logo.jpeg","width":498,"height":224,"caption":"Shmup Mania"},"image":{"@id":"https:\/\/shmupmania.com.br\/#\/schema\/logo\/image\/"},"sameAs":["https:\/\/www.facebook.com\/groups\/154479990165334","https:\/\/x.com\/Shmup_Mania"]}]}},"_links":{"self":[{"href":"https:\/\/shmupmania.com.br\/index.php?rest_route=\/wp\/v2\/pages\/91","targetHints":{"allow":["GET"]}}],"collection":[{"href":"https:\/\/shmupmania.com.br\/index.php?rest_route=\/wp\/v2\/pages"}],"about":[{"href":"https:\/\/shmupmania.com.br\/index.php?rest_route=\/wp\/v2\/types\/page"}],"author":[{"embeddable":true,"href":"https:\/\/shmupmania.com.br\/index.php?rest_route=\/wp\/v2\/users\/1"}],"replies":[{"embeddable":true,"href":"https:\/\/shmupmania.com.br\/index.php?rest_route=%2Fwp%2Fv2%2Fcomments&post=91"}],"version-history":[{"count":0,"href":"https:\/\/shmupmania.com.br\/index.php?rest_route=\/wp\/v2\/pages\/91\/revisions"}],"wp:attachment":[{"href":"https:\/\/shmupmania.com.br\/index.php?rest_route=%2Fwp%2Fv2%2Fmedia&parent=91"}],"curies":[{"name":"wp","href":"https:\/\/api.w.org\/{rel}","templated":true}]}}