{"id":52,"date":"2021-01-25T00:42:36","date_gmt":"2021-01-25T03:42:36","guid":{"rendered":"https:\/\/shmupmania.com.br\/?page_id=52"},"modified":"2025-09-19T16:03:08","modified_gmt":"2025-09-19T19:03:08","slug":"sobre","status":"publish","type":"page","link":"https:\/\/shmupmania.com.br\/?page_id=52","title":{"rendered":"Sobre"},"content":{"rendered":"\n<p>Fundada em 2021, a revista Shmup Mania \u00e9 uma publica\u00e7\u00e3o impressa focada exclusivamente em jogos do g\u00eanero Shoot \u2018Em Up.<\/p>\n\n\n\n<p>Esta \u00e9 uma publica\u00e7\u00e3o criada por amantes do g\u00eanero, que aborda an\u00e1lises, entrevistas, artes gr\u00e1ficas, trilhas sonoras, dicas\/truques, colecionismo, hist\u00f3ria e muito mais! <\/p>\n\n\n\n<p>O foco \u00e9 tanto em jogos cl\u00e1ssicos de consoles, computadores e arcades, quanto em lan\u00e7amentos para todas as plataformas atuais.<\/p>\n\n\n\n<p>Com publica\u00e7\u00f5es no mercado nacional e internacional, a revista busca disseminar a cultura dos jogos no estilo shoot \u2018em up, fomentar o desenvolvimento de novos jogos do g\u1ebdnero, e tamb\u00e9m contribuir para a preserva\u00e7\u00e3o da hist\u00f3ria dos videogames.<\/p>\n\n\n\n<p><\/p>\n\n\n\n<p><strong>Colaboradores<\/strong><\/p>\n\n\n\n<p>Nossa equipe de colaboradores conta com entusiastas, especialistas, jogadores experientes e refer\u00eancias na gera\u00e7\u00e3o de conte\u00fado digital e no mercado editorial:<\/p>\n\n\n\n<p><strong>Filipe Gracioli<\/strong>: Autor do blog e canal ShmupsBR.<\/p>\n\n\n\n<p><strong>Jo\u00e3o Carlos \u00c1rias<\/strong>: Entusiasta e colecionador de v\u00eddeo games antigos e atuais, apaixonado por shmups desde seu primeiro contato com o g\u00eanero, nos anos 80.<\/p>\n\n\n\n<p><strong>J\u00falio Chiarini<\/strong>: Arque\u00f3logo, entusiasta de v\u00eddeo games antigos, membro da Comunidade Mega Drive e criador do canal Kronos Chiarini.<\/p>\n\n\n\n<p><strong>Leonardo Bussadori<\/strong>: Designer gr\u00e1fico e gamer, diretor de arte da Revista do CD-ROM e livros de v\u00eddeo games antigos.<\/p>\n\n\n\n<p><strong>Lu\u00eds Fernando Reis:<\/strong> um dos maiores colecionadores de videogames do Brasil, e especialista em colecionismo e na hist\u00f3ria dos videogames.<\/p>\n\n\n\n<p><strong>Paulo Vin\u00edcius Radtke<\/strong>: Gamer, colecionador, ex-professor de programa\u00e7\u00e3o de jogos antigos, YouTuber do canal Jogos Mofados e membro da Clube MSX.<\/p>\n\n\n\n<p><strong>Mario Cavalcanti<\/strong>: Jornalista e editor da revista Clube MSX.<\/p>\n\n\n\n<p><strong>Saulo Santiago<\/strong>: Colecionador de v\u00eddeo games antigos, administrador do grupo CloNES sobre famiclones e da nova Falcon Soft, e publisher de jogos de NES.<\/p>\n","protected":false},"excerpt":{"rendered":"<p>Fundada em 2021, a revista Shmup Mania \u00e9 uma publica\u00e7\u00e3o impressa focada exclusivamente em jogos do g\u00eanero Shoot \u2018Em Up. Esta \u00e9 uma publica\u00e7\u00e3o criada por amantes do g\u00eanero, que aborda an\u00e1lises, entrevistas, artes gr\u00e1ficas, trilhas sonoras, dicas\/truques, colecionismo, hist\u00f3ria e muito mais! O foco \u00e9 tanto em jogos cl\u00e1ssicos de consoles, computadores e arcades, [&hellip;]<\/p>\n","protected":false},"author":1,"featured_media":0,"parent":0,"menu_order":0,"comment_status":"closed","ping_status":"closed","template":"","meta":{"footnotes":""},"class_list":["post-52","page","type-page","status-publish","hentry"],"yoast_head":"<!-- This site is optimized with the Yoast SEO plugin v27.5 - https:\/\/yoast.com\/product\/yoast-seo-wordpress\/ -->\n<title>Sobre - Shmup Mania<\/title>\n<meta name=\"robots\" content=\"index, follow, max-snippet:-1, max-image-preview:large, max-video-preview:-1\" \/>\n<link rel=\"canonical\" href=\"https:\/\/shmupmania.com.br\/?page_id=52\" \/>\n<meta property=\"og:locale\" content=\"pt_BR\" \/>\n<meta property=\"og:type\" content=\"article\" \/>\n<meta property=\"og:title\" content=\"Sobre - Shmup Mania\" \/>\n<meta property=\"og:description\" content=\"Fundada em 2021, a revista Shmup Mania \u00e9 uma publica\u00e7\u00e3o impressa focada exclusivamente em jogos do g\u00eanero Shoot \u2018Em Up. Esta \u00e9 uma publica\u00e7\u00e3o criada por amantes do g\u00eanero, que aborda an\u00e1lises, entrevistas, artes gr\u00e1ficas, trilhas sonoras, dicas\/truques, colecionismo, hist\u00f3ria e muito mais! O foco \u00e9 tanto em jogos cl\u00e1ssicos de consoles, computadores e arcades, [&hellip;]\" \/>\n<meta property=\"og:url\" content=\"https:\/\/shmupmania.com.br\/?page_id=52\" \/>\n<meta property=\"og:site_name\" content=\"Shmup Mania\" \/>\n<meta property=\"article:publisher\" content=\"https:\/\/www.facebook.com\/groups\/154479990165334\" \/>\n<meta property=\"article:modified_time\" content=\"2025-09-19T19:03:08+00:00\" \/>\n<meta name=\"twitter:card\" content=\"summary_large_image\" \/>\n<meta name=\"twitter:site\" content=\"@Shmup_Mania\" \/>\n<meta name=\"twitter:label1\" content=\"Est. tempo de leitura\" \/>\n\t<meta name=\"twitter:data1\" content=\"2 minutos\" \/>\n<script type=\"application\/ld+json\" class=\"yoast-schema-graph\">{\"@context\":\"https:\\\/\\\/schema.org\",\"@graph\":[{\"@type\":\"WebPage\",\"@id\":\"https:\\\/\\\/shmupmania.com.br\\\/?page_id=52\",\"url\":\"https:\\\/\\\/shmupmania.com.br\\\/?page_id=52\",\"name\":\"Sobre - Shmup Mania\",\"isPartOf\":{\"@id\":\"https:\\\/\\\/shmupmania.com.br\\\/#website\"},\"datePublished\":\"2021-01-25T03:42:36+00:00\",\"dateModified\":\"2025-09-19T19:03:08+00:00\",\"breadcrumb\":{\"@id\":\"https:\\\/\\\/shmupmania.com.br\\\/?page_id=52#breadcrumb\"},\"inLanguage\":\"pt-BR\",\"potentialAction\":[{\"@type\":\"ReadAction\",\"target\":[\"https:\\\/\\\/shmupmania.com.br\\\/?page_id=52\"]}]},{\"@type\":\"BreadcrumbList\",\"@id\":\"https:\\\/\\\/shmupmania.com.br\\\/?page_id=52#breadcrumb\",\"itemListElement\":[{\"@type\":\"ListItem\",\"position\":1,\"name\":\"Home\",\"item\":\"https:\\\/\\\/shmupmania.com.br\\\/\"},{\"@type\":\"ListItem\",\"position\":2,\"name\":\"Sobre\"}]},{\"@type\":\"WebSite\",\"@id\":\"https:\\\/\\\/shmupmania.com.br\\\/#website\",\"url\":\"https:\\\/\\\/shmupmania.com.br\\\/\",\"name\":\"Shmup Mania\",\"description\":\"A revista dos shoot &#039;em ups\",\"publisher\":{\"@id\":\"https:\\\/\\\/shmupmania.com.br\\\/#organization\"},\"potentialAction\":[{\"@type\":\"SearchAction\",\"target\":{\"@type\":\"EntryPoint\",\"urlTemplate\":\"https:\\\/\\\/shmupmania.com.br\\\/?s={search_term_string}\"},\"query-input\":{\"@type\":\"PropertyValueSpecification\",\"valueRequired\":true,\"valueName\":\"search_term_string\"}}],\"inLanguage\":\"pt-BR\"},{\"@type\":\"Organization\",\"@id\":\"https:\\\/\\\/shmupmania.com.br\\\/#organization\",\"name\":\"Shmup Mania\",\"url\":\"https:\\\/\\\/shmupmania.com.br\\\/\",\"logo\":{\"@type\":\"ImageObject\",\"inLanguage\":\"pt-BR\",\"@id\":\"https:\\\/\\\/shmupmania.com.br\\\/#\\\/schema\\\/logo\\\/image\\\/\",\"url\":\"https:\\\/\\\/shmupmania.com.br\\\/wp-content\\\/uploads\\\/2021\\\/09\\\/logo.jpeg\",\"contentUrl\":\"https:\\\/\\\/shmupmania.com.br\\\/wp-content\\\/uploads\\\/2021\\\/09\\\/logo.jpeg\",\"width\":498,\"height\":224,\"caption\":\"Shmup Mania\"},\"image\":{\"@id\":\"https:\\\/\\\/shmupmania.com.br\\\/#\\\/schema\\\/logo\\\/image\\\/\"},\"sameAs\":[\"https:\\\/\\\/www.facebook.com\\\/groups\\\/154479990165334\",\"https:\\\/\\\/x.com\\\/Shmup_Mania\"]}]}<\/script>\n<!-- \/ Yoast SEO plugin. -->","yoast_head_json":{"title":"Sobre - Shmup Mania","robots":{"index":"index","follow":"follow","max-snippet":"max-snippet:-1","max-image-preview":"max-image-preview:large","max-video-preview":"max-video-preview:-1"},"canonical":"https:\/\/shmupmania.com.br\/?page_id=52","og_locale":"pt_BR","og_type":"article","og_title":"Sobre - Shmup Mania","og_description":"Fundada em 2021, a revista Shmup Mania \u00e9 uma publica\u00e7\u00e3o impressa focada exclusivamente em jogos do g\u00eanero Shoot \u2018Em Up. Esta \u00e9 uma publica\u00e7\u00e3o criada por amantes do g\u00eanero, que aborda an\u00e1lises, entrevistas, artes gr\u00e1ficas, trilhas sonoras, dicas\/truques, colecionismo, hist\u00f3ria e muito mais! O foco \u00e9 tanto em jogos cl\u00e1ssicos de consoles, computadores e arcades, [&hellip;]","og_url":"https:\/\/shmupmania.com.br\/?page_id=52","og_site_name":"Shmup Mania","article_publisher":"https:\/\/www.facebook.com\/groups\/154479990165334","article_modified_time":"2025-09-19T19:03:08+00:00","twitter_card":"summary_large_image","twitter_site":"@Shmup_Mania","twitter_misc":{"Est. tempo de leitura":"2 minutos"},"schema":{"@context":"https:\/\/schema.org","@graph":[{"@type":"WebPage","@id":"https:\/\/shmupmania.com.br\/?page_id=52","url":"https:\/\/shmupmania.com.br\/?page_id=52","name":"Sobre - Shmup Mania","isPartOf":{"@id":"https:\/\/shmupmania.com.br\/#website"},"datePublished":"2021-01-25T03:42:36+00:00","dateModified":"2025-09-19T19:03:08+00:00","breadcrumb":{"@id":"https:\/\/shmupmania.com.br\/?page_id=52#breadcrumb"},"inLanguage":"pt-BR","potentialAction":[{"@type":"ReadAction","target":["https:\/\/shmupmania.com.br\/?page_id=52"]}]},{"@type":"BreadcrumbList","@id":"https:\/\/shmupmania.com.br\/?page_id=52#breadcrumb","itemListElement":[{"@type":"ListItem","position":1,"name":"Home","item":"https:\/\/shmupmania.com.br\/"},{"@type":"ListItem","position":2,"name":"Sobre"}]},{"@type":"WebSite","@id":"https:\/\/shmupmania.com.br\/#website","url":"https:\/\/shmupmania.com.br\/","name":"Shmup Mania","description":"A revista dos shoot &#039;em ups","publisher":{"@id":"https:\/\/shmupmania.com.br\/#organization"},"potentialAction":[{"@type":"SearchAction","target":{"@type":"EntryPoint","urlTemplate":"https:\/\/shmupmania.com.br\/?s={search_term_string}"},"query-input":{"@type":"PropertyValueSpecification","valueRequired":true,"valueName":"search_term_string"}}],"inLanguage":"pt-BR"},{"@type":"Organization","@id":"https:\/\/shmupmania.com.br\/#organization","name":"Shmup Mania","url":"https:\/\/shmupmania.com.br\/","logo":{"@type":"ImageObject","inLanguage":"pt-BR","@id":"https:\/\/shmupmania.com.br\/#\/schema\/logo\/image\/","url":"https:\/\/shmupmania.com.br\/wp-content\/uploads\/2021\/09\/logo.jpeg","contentUrl":"https:\/\/shmupmania.com.br\/wp-content\/uploads\/2021\/09\/logo.jpeg","width":498,"height":224,"caption":"Shmup Mania"},"image":{"@id":"https:\/\/shmupmania.com.br\/#\/schema\/logo\/image\/"},"sameAs":["https:\/\/www.facebook.com\/groups\/154479990165334","https:\/\/x.com\/Shmup_Mania"]}]}},"_links":{"self":[{"href":"https:\/\/shmupmania.com.br\/index.php?rest_route=\/wp\/v2\/pages\/52","targetHints":{"allow":["GET"]}}],"collection":[{"href":"https:\/\/shmupmania.com.br\/index.php?rest_route=\/wp\/v2\/pages"}],"about":[{"href":"https:\/\/shmupmania.com.br\/index.php?rest_route=\/wp\/v2\/types\/page"}],"author":[{"embeddable":true,"href":"https:\/\/shmupmania.com.br\/index.php?rest_route=\/wp\/v2\/users\/1"}],"replies":[{"embeddable":true,"href":"https:\/\/shmupmania.com.br\/index.php?rest_route=%2Fwp%2Fv2%2Fcomments&post=52"}],"version-history":[{"count":12,"href":"https:\/\/shmupmania.com.br\/index.php?rest_route=\/wp\/v2\/pages\/52\/revisions"}],"predecessor-version":[{"id":775,"href":"https:\/\/shmupmania.com.br\/index.php?rest_route=\/wp\/v2\/pages\/52\/revisions\/775"}],"wp:attachment":[{"href":"https:\/\/shmupmania.com.br\/index.php?rest_route=%2Fwp%2Fv2%2Fmedia&parent=52"}],"curies":[{"name":"wp","href":"https:\/\/api.w.org\/{rel}","templated":true}]}}