{"id":452,"date":"2021-10-28T01:28:27","date_gmt":"2021-10-28T04:28:27","guid":{"rendered":"https:\/\/shmupmania.com.br\/?page_id=452"},"modified":"2025-09-16T22:32:41","modified_gmt":"2025-09-17T01:32:41","slug":"iniciou-a-campanha-de-financiamento-da-4a-edicao","status":"publish","type":"page","link":"https:\/\/shmupmania.com.br\/?page_id=452","title":{"rendered":"Iniciou a pr\u00e9-venda da 5\u00aa edi\u00e7\u00e3o da Shmup Mania"},"content":{"rendered":"\n<p>A pr\u00e9-venda da quinta edi\u00e7\u00e3o da Shmup Mania j\u00e1 iniciou. Estar\u00e3o dispon\u00edveis quantidades limitadas desta edi\u00e7\u00e3o. N\u00e3o perca tempo e garanta a sua c\u00f3pia! A pr\u00e9-venda ser\u00e1 feita na <a href=\"https:\/\/shmupmania.com.br\/?post_type=product\">loja do site<\/a>.<\/p>\n\n\n\n<p><\/p>\n","protected":false},"excerpt":{"rendered":"<p>A pr\u00e9-venda da quinta edi\u00e7\u00e3o da Shmup Mania j\u00e1 iniciou. Estar\u00e3o dispon\u00edveis quantidades limitadas desta edi\u00e7\u00e3o. N\u00e3o perca tempo e garanta a sua c\u00f3pia! A pr\u00e9-venda ser\u00e1 feita na loja do site.<\/p>\n","protected":false},"author":1,"featured_media":737,"parent":0,"menu_order":0,"comment_status":"closed","ping_status":"closed","template":"","meta":{"footnotes":""},"class_list":["post-452","page","type-page","status-publish","has-post-thumbnail","hentry"],"yoast_head":"<!-- This site is optimized with the Yoast SEO plugin v27.4 - https:\/\/yoast.com\/product\/yoast-seo-wordpress\/ -->\n<title>Iniciou a pr\u00e9-venda da 5\u00aa edi\u00e7\u00e3o da Shmup Mania - Shmup Mania<\/title>\n<meta name=\"robots\" content=\"index, follow, max-snippet:-1, max-image-preview:large, max-video-preview:-1\" \/>\n<link rel=\"canonical\" href=\"https:\/\/shmupmania.com.br\/?page_id=452\" \/>\n<meta property=\"og:locale\" content=\"pt_BR\" \/>\n<meta property=\"og:type\" content=\"article\" \/>\n<meta property=\"og:title\" content=\"Iniciou a pr\u00e9-venda da 5\u00aa edi\u00e7\u00e3o da Shmup Mania - Shmup Mania\" \/>\n<meta property=\"og:description\" content=\"A pr\u00e9-venda da quinta edi\u00e7\u00e3o da Shmup Mania j\u00e1 iniciou. Estar\u00e3o dispon\u00edveis quantidades limitadas desta edi\u00e7\u00e3o. N\u00e3o perca tempo e garanta a sua c\u00f3pia! A pr\u00e9-venda ser\u00e1 feita na loja do site.\" \/>\n<meta property=\"og:url\" content=\"https:\/\/shmupmania.com.br\/?page_id=452\" \/>\n<meta property=\"og:site_name\" content=\"Shmup Mania\" \/>\n<meta property=\"article:publisher\" content=\"https:\/\/www.facebook.com\/groups\/154479990165334\" \/>\n<meta property=\"article:modified_time\" content=\"2025-09-17T01:32:41+00:00\" \/>\n<meta property=\"og:image\" content=\"https:\/\/shmupmania.com.br\/wp-content\/uploads\/2025\/09\/Abertura_Catarse5_HD_formato.jpg\" \/>\n\t<meta property=\"og:image:width\" content=\"2400\" \/>\n\t<meta property=\"og:image:height\" content=\"1195\" \/>\n\t<meta property=\"og:image:type\" content=\"image\/jpeg\" \/>\n<meta name=\"twitter:card\" content=\"summary_large_image\" \/>\n<meta name=\"twitter:site\" content=\"@Shmup_Mania\" \/>\n<meta name=\"twitter:label1\" content=\"Est. tempo de leitura\" \/>\n\t<meta name=\"twitter:data1\" content=\"1 minuto\" \/>\n<script type=\"application\/ld+json\" class=\"yoast-schema-graph\">{\"@context\":\"https:\\\/\\\/schema.org\",\"@graph\":[{\"@type\":\"WebPage\",\"@id\":\"https:\\\/\\\/shmupmania.com.br\\\/?page_id=452\",\"url\":\"https:\\\/\\\/shmupmania.com.br\\\/?page_id=452\",\"name\":\"Iniciou a pr\u00e9-venda da 5\u00aa edi\u00e7\u00e3o da Shmup Mania - Shmup Mania\",\"isPartOf\":{\"@id\":\"https:\\\/\\\/shmupmania.com.br\\\/#website\"},\"primaryImageOfPage\":{\"@id\":\"https:\\\/\\\/shmupmania.com.br\\\/?page_id=452#primaryimage\"},\"image\":{\"@id\":\"https:\\\/\\\/shmupmania.com.br\\\/?page_id=452#primaryimage\"},\"thumbnailUrl\":\"https:\\\/\\\/shmupmania.com.br\\\/wp-content\\\/uploads\\\/2025\\\/09\\\/Abertura_Catarse5_HD_formato.jpg\",\"datePublished\":\"2021-10-28T04:28:27+00:00\",\"dateModified\":\"2025-09-17T01:32:41+00:00\",\"breadcrumb\":{\"@id\":\"https:\\\/\\\/shmupmania.com.br\\\/?page_id=452#breadcrumb\"},\"inLanguage\":\"pt-BR\",\"potentialAction\":[{\"@type\":\"ReadAction\",\"target\":[\"https:\\\/\\\/shmupmania.com.br\\\/?page_id=452\"]}]},{\"@type\":\"ImageObject\",\"inLanguage\":\"pt-BR\",\"@id\":\"https:\\\/\\\/shmupmania.com.br\\\/?page_id=452#primaryimage\",\"url\":\"https:\\\/\\\/shmupmania.com.br\\\/wp-content\\\/uploads\\\/2025\\\/09\\\/Abertura_Catarse5_HD_formato.jpg\",\"contentUrl\":\"https:\\\/\\\/shmupmania.com.br\\\/wp-content\\\/uploads\\\/2025\\\/09\\\/Abertura_Catarse5_HD_formato.jpg\",\"width\":2400,\"height\":1195},{\"@type\":\"BreadcrumbList\",\"@id\":\"https:\\\/\\\/shmupmania.com.br\\\/?page_id=452#breadcrumb\",\"itemListElement\":[{\"@type\":\"ListItem\",\"position\":1,\"name\":\"Home\",\"item\":\"https:\\\/\\\/shmupmania.com.br\\\/\"},{\"@type\":\"ListItem\",\"position\":2,\"name\":\"Iniciou a pr\u00e9-venda da 5\u00aa edi\u00e7\u00e3o da Shmup Mania\"}]},{\"@type\":\"WebSite\",\"@id\":\"https:\\\/\\\/shmupmania.com.br\\\/#website\",\"url\":\"https:\\\/\\\/shmupmania.com.br\\\/\",\"name\":\"Shmup Mania\",\"description\":\"A revista dos shoot &#039;em ups\",\"publisher\":{\"@id\":\"https:\\\/\\\/shmupmania.com.br\\\/#organization\"},\"potentialAction\":[{\"@type\":\"SearchAction\",\"target\":{\"@type\":\"EntryPoint\",\"urlTemplate\":\"https:\\\/\\\/shmupmania.com.br\\\/?s={search_term_string}\"},\"query-input\":{\"@type\":\"PropertyValueSpecification\",\"valueRequired\":true,\"valueName\":\"search_term_string\"}}],\"inLanguage\":\"pt-BR\"},{\"@type\":\"Organization\",\"@id\":\"https:\\\/\\\/shmupmania.com.br\\\/#organization\",\"name\":\"Shmup Mania\",\"url\":\"https:\\\/\\\/shmupmania.com.br\\\/\",\"logo\":{\"@type\":\"ImageObject\",\"inLanguage\":\"pt-BR\",\"@id\":\"https:\\\/\\\/shmupmania.com.br\\\/#\\\/schema\\\/logo\\\/image\\\/\",\"url\":\"https:\\\/\\\/shmupmania.com.br\\\/wp-content\\\/uploads\\\/2021\\\/09\\\/logo.jpeg\",\"contentUrl\":\"https:\\\/\\\/shmupmania.com.br\\\/wp-content\\\/uploads\\\/2021\\\/09\\\/logo.jpeg\",\"width\":498,\"height\":224,\"caption\":\"Shmup Mania\"},\"image\":{\"@id\":\"https:\\\/\\\/shmupmania.com.br\\\/#\\\/schema\\\/logo\\\/image\\\/\"},\"sameAs\":[\"https:\\\/\\\/www.facebook.com\\\/groups\\\/154479990165334\",\"https:\\\/\\\/x.com\\\/Shmup_Mania\"]}]}<\/script>\n<!-- \/ Yoast SEO plugin. -->","yoast_head_json":{"title":"Iniciou a pr\u00e9-venda da 5\u00aa edi\u00e7\u00e3o da Shmup Mania - Shmup Mania","robots":{"index":"index","follow":"follow","max-snippet":"max-snippet:-1","max-image-preview":"max-image-preview:large","max-video-preview":"max-video-preview:-1"},"canonical":"https:\/\/shmupmania.com.br\/?page_id=452","og_locale":"pt_BR","og_type":"article","og_title":"Iniciou a pr\u00e9-venda da 5\u00aa edi\u00e7\u00e3o da Shmup Mania - Shmup Mania","og_description":"A pr\u00e9-venda da quinta edi\u00e7\u00e3o da Shmup Mania j\u00e1 iniciou. Estar\u00e3o dispon\u00edveis quantidades limitadas desta edi\u00e7\u00e3o. N\u00e3o perca tempo e garanta a sua c\u00f3pia! A pr\u00e9-venda ser\u00e1 feita na loja do site.","og_url":"https:\/\/shmupmania.com.br\/?page_id=452","og_site_name":"Shmup Mania","article_publisher":"https:\/\/www.facebook.com\/groups\/154479990165334","article_modified_time":"2025-09-17T01:32:41+00:00","og_image":[{"width":2400,"height":1195,"url":"https:\/\/shmupmania.com.br\/wp-content\/uploads\/2025\/09\/Abertura_Catarse5_HD_formato.jpg","type":"image\/jpeg"}],"twitter_card":"summary_large_image","twitter_site":"@Shmup_Mania","twitter_misc":{"Est. tempo de leitura":"1 minuto"},"schema":{"@context":"https:\/\/schema.org","@graph":[{"@type":"WebPage","@id":"https:\/\/shmupmania.com.br\/?page_id=452","url":"https:\/\/shmupmania.com.br\/?page_id=452","name":"Iniciou a pr\u00e9-venda da 5\u00aa edi\u00e7\u00e3o da Shmup Mania - Shmup Mania","isPartOf":{"@id":"https:\/\/shmupmania.com.br\/#website"},"primaryImageOfPage":{"@id":"https:\/\/shmupmania.com.br\/?page_id=452#primaryimage"},"image":{"@id":"https:\/\/shmupmania.com.br\/?page_id=452#primaryimage"},"thumbnailUrl":"https:\/\/shmupmania.com.br\/wp-content\/uploads\/2025\/09\/Abertura_Catarse5_HD_formato.jpg","datePublished":"2021-10-28T04:28:27+00:00","dateModified":"2025-09-17T01:32:41+00:00","breadcrumb":{"@id":"https:\/\/shmupmania.com.br\/?page_id=452#breadcrumb"},"inLanguage":"pt-BR","potentialAction":[{"@type":"ReadAction","target":["https:\/\/shmupmania.com.br\/?page_id=452"]}]},{"@type":"ImageObject","inLanguage":"pt-BR","@id":"https:\/\/shmupmania.com.br\/?page_id=452#primaryimage","url":"https:\/\/shmupmania.com.br\/wp-content\/uploads\/2025\/09\/Abertura_Catarse5_HD_formato.jpg","contentUrl":"https:\/\/shmupmania.com.br\/wp-content\/uploads\/2025\/09\/Abertura_Catarse5_HD_formato.jpg","width":2400,"height":1195},{"@type":"BreadcrumbList","@id":"https:\/\/shmupmania.com.br\/?page_id=452#breadcrumb","itemListElement":[{"@type":"ListItem","position":1,"name":"Home","item":"https:\/\/shmupmania.com.br\/"},{"@type":"ListItem","position":2,"name":"Iniciou a pr\u00e9-venda da 5\u00aa edi\u00e7\u00e3o da Shmup Mania"}]},{"@type":"WebSite","@id":"https:\/\/shmupmania.com.br\/#website","url":"https:\/\/shmupmania.com.br\/","name":"Shmup Mania","description":"A revista dos shoot &#039;em ups","publisher":{"@id":"https:\/\/shmupmania.com.br\/#organization"},"potentialAction":[{"@type":"SearchAction","target":{"@type":"EntryPoint","urlTemplate":"https:\/\/shmupmania.com.br\/?s={search_term_string}"},"query-input":{"@type":"PropertyValueSpecification","valueRequired":true,"valueName":"search_term_string"}}],"inLanguage":"pt-BR"},{"@type":"Organization","@id":"https:\/\/shmupmania.com.br\/#organization","name":"Shmup Mania","url":"https:\/\/shmupmania.com.br\/","logo":{"@type":"ImageObject","inLanguage":"pt-BR","@id":"https:\/\/shmupmania.com.br\/#\/schema\/logo\/image\/","url":"https:\/\/shmupmania.com.br\/wp-content\/uploads\/2021\/09\/logo.jpeg","contentUrl":"https:\/\/shmupmania.com.br\/wp-content\/uploads\/2021\/09\/logo.jpeg","width":498,"height":224,"caption":"Shmup Mania"},"image":{"@id":"https:\/\/shmupmania.com.br\/#\/schema\/logo\/image\/"},"sameAs":["https:\/\/www.facebook.com\/groups\/154479990165334","https:\/\/x.com\/Shmup_Mania"]}]}},"_links":{"self":[{"href":"https:\/\/shmupmania.com.br\/index.php?rest_route=\/wp\/v2\/pages\/452","targetHints":{"allow":["GET"]}}],"collection":[{"href":"https:\/\/shmupmania.com.br\/index.php?rest_route=\/wp\/v2\/pages"}],"about":[{"href":"https:\/\/shmupmania.com.br\/index.php?rest_route=\/wp\/v2\/types\/page"}],"author":[{"embeddable":true,"href":"https:\/\/shmupmania.com.br\/index.php?rest_route=\/wp\/v2\/users\/1"}],"replies":[{"embeddable":true,"href":"https:\/\/shmupmania.com.br\/index.php?rest_route=%2Fwp%2Fv2%2Fcomments&post=452"}],"version-history":[{"count":11,"href":"https:\/\/shmupmania.com.br\/index.php?rest_route=\/wp\/v2\/pages\/452\/revisions"}],"predecessor-version":[{"id":739,"href":"https:\/\/shmupmania.com.br\/index.php?rest_route=\/wp\/v2\/pages\/452\/revisions\/739"}],"wp:featuredmedia":[{"embeddable":true,"href":"https:\/\/shmupmania.com.br\/index.php?rest_route=\/wp\/v2\/media\/737"}],"wp:attachment":[{"href":"https:\/\/shmupmania.com.br\/index.php?rest_route=%2Fwp%2Fv2%2Fmedia&parent=452"}],"curies":[{"name":"wp","href":"https:\/\/api.w.org\/{rel}","templated":true}]}}