{"id":319,"date":"2021-02-12T15:34:17","date_gmt":"2021-02-12T18:34:17","guid":{"rendered":"https:\/\/shmupmania.com.br\/?page_id=319"},"modified":"2025-09-16T22:36:06","modified_gmt":"2025-09-17T01:36:06","slug":"a-revista-dos-shoot-em-ups","status":"publish","type":"page","link":"https:\/\/shmupmania.com.br\/","title":{"rendered":"Novidades"},"content":{"rendered":"\n<figure class=\"wp-block-image size-large\"><img loading=\"lazy\" decoding=\"async\" width=\"1024\" height=\"510\" src=\"https:\/\/shmupmania.com.br\/wp-content\/uploads\/2025\/09\/Abertura_Catarse5_HD_formato-1-1024x510.jpg\" alt=\"\" class=\"wp-image-740\" srcset=\"https:\/\/shmupmania.com.br\/wp-content\/uploads\/2025\/09\/Abertura_Catarse5_HD_formato-1-1024x510.jpg 1024w, https:\/\/shmupmania.com.br\/wp-content\/uploads\/2025\/09\/Abertura_Catarse5_HD_formato-1-300x149.jpg 300w, https:\/\/shmupmania.com.br\/wp-content\/uploads\/2025\/09\/Abertura_Catarse5_HD_formato-1-768x382.jpg 768w, https:\/\/shmupmania.com.br\/wp-content\/uploads\/2025\/09\/Abertura_Catarse5_HD_formato-1-1536x765.jpg 1536w, https:\/\/shmupmania.com.br\/wp-content\/uploads\/2025\/09\/Abertura_Catarse5_HD_formato-1-2048x1020.jpg 2048w, https:\/\/shmupmania.com.br\/wp-content\/uploads\/2025\/09\/Abertura_Catarse5_HD_formato-1-416x207.jpg 416w\" sizes=\"auto, (max-width: 1024px) 100vw, 1024px\" \/><\/figure>\n\n\n\n<p class=\"has-text-align-left\"><a href=\"https:\/\/shmupmania.com.br\/?p=452\">Iniciou a pr\u00e9-venda da quinta edi\u00e7\u00e3o da Shmup Mania!<\/a><\/p>\n\n\n\n<div class=\"wp-block-columns is-layout-flex wp-container-core-columns-is-layout-28f84493 wp-block-columns-is-layout-flex\">\n<div class=\"wp-block-column is-vertically-aligned-bottom is-layout-flow wp-block-column-is-layout-flow\">\n<hr class=\"wp-block-separator has-css-opacity is-style-default\"\/>\n\n\n\n<p><\/p>\n<\/div>\n\n\n\n<div class=\"wp-block-column is-layout-flow wp-block-column-is-layout-flow\">\n<div class=\"wp-block-group\"><div class=\"wp-block-group__inner-container is-layout-flow wp-block-group-is-layout-flow\">\n<hr class=\"wp-block-separator has-css-opacity aligncenter is-style-default\"\/>\n<\/div><\/div>\n\n\n\n<p><\/p>\n<\/div>\n<\/div>\n\n\n\n<p><\/p>\n","protected":false},"excerpt":{"rendered":"<p>Iniciou a pr\u00e9-venda da quinta edi\u00e7\u00e3o da Shmup Mania!<\/p>\n","protected":false},"author":1,"featured_media":0,"parent":0,"menu_order":0,"comment_status":"closed","ping_status":"closed","template":"","meta":{"footnotes":""},"class_list":["post-319","page","type-page","status-publish","hentry"],"yoast_head":"<!-- This site is optimized with the Yoast SEO plugin v27.6 - https:\/\/yoast.com\/product\/yoast-seo-wordpress\/ -->\n<title>Novidades - Shmup Mania<\/title>\n<meta name=\"robots\" content=\"index, follow, max-snippet:-1, max-image-preview:large, max-video-preview:-1\" \/>\n<link rel=\"canonical\" href=\"https:\/\/shmupmania.com.br\/\" \/>\n<meta property=\"og:locale\" content=\"pt_BR\" \/>\n<meta property=\"og:type\" content=\"article\" \/>\n<meta property=\"og:title\" content=\"Novidades - Shmup Mania\" \/>\n<meta property=\"og:description\" content=\"Iniciou a pr\u00e9-venda da quinta edi\u00e7\u00e3o da Shmup Mania!\" \/>\n<meta property=\"og:url\" content=\"https:\/\/shmupmania.com.br\/\" \/>\n<meta property=\"og:site_name\" content=\"Shmup Mania\" \/>\n<meta property=\"article:publisher\" content=\"https:\/\/www.facebook.com\/groups\/154479990165334\" \/>\n<meta property=\"article:modified_time\" content=\"2025-09-17T01:36:06+00:00\" \/>\n<meta property=\"og:image\" content=\"https:\/\/shmupmania.com.br\/wp-content\/uploads\/2025\/09\/Abertura_Catarse5_HD_formato-1.jpg\" \/>\n\t<meta property=\"og:image:width\" content=\"2400\" \/>\n\t<meta property=\"og:image:height\" content=\"1195\" \/>\n\t<meta property=\"og:image:type\" content=\"image\/jpeg\" \/>\n<meta name=\"twitter:card\" content=\"summary_large_image\" \/>\n<meta name=\"twitter:site\" content=\"@Shmup_Mania\" \/>\n<meta name=\"twitter:label1\" content=\"Est. tempo de leitura\" \/>\n\t<meta name=\"twitter:data1\" content=\"1 minuto\" \/>\n<script type=\"application\/ld+json\" class=\"yoast-schema-graph\">{\"@context\":\"https:\\\/\\\/schema.org\",\"@graph\":[{\"@type\":\"WebPage\",\"@id\":\"https:\\\/\\\/shmupmania.com.br\\\/\",\"url\":\"https:\\\/\\\/shmupmania.com.br\\\/\",\"name\":\"Novidades - Shmup Mania\",\"isPartOf\":{\"@id\":\"https:\\\/\\\/shmupmania.com.br\\\/#website\"},\"primaryImageOfPage\":{\"@id\":\"https:\\\/\\\/shmupmania.com.br\\\/#primaryimage\"},\"image\":{\"@id\":\"https:\\\/\\\/shmupmania.com.br\\\/#primaryimage\"},\"thumbnailUrl\":\"https:\\\/\\\/shmupmania.com.br\\\/wp-content\\\/uploads\\\/2025\\\/09\\\/Abertura_Catarse5_HD_formato-1-1024x510.jpg\",\"datePublished\":\"2021-02-12T18:34:17+00:00\",\"dateModified\":\"2025-09-17T01:36:06+00:00\",\"breadcrumb\":{\"@id\":\"https:\\\/\\\/shmupmania.com.br\\\/#breadcrumb\"},\"inLanguage\":\"pt-BR\",\"potentialAction\":[{\"@type\":\"ReadAction\",\"target\":[\"https:\\\/\\\/shmupmania.com.br\\\/\"]}]},{\"@type\":\"ImageObject\",\"inLanguage\":\"pt-BR\",\"@id\":\"https:\\\/\\\/shmupmania.com.br\\\/#primaryimage\",\"url\":\"https:\\\/\\\/shmupmania.com.br\\\/wp-content\\\/uploads\\\/2025\\\/09\\\/Abertura_Catarse5_HD_formato-1.jpg\",\"contentUrl\":\"https:\\\/\\\/shmupmania.com.br\\\/wp-content\\\/uploads\\\/2025\\\/09\\\/Abertura_Catarse5_HD_formato-1.jpg\",\"width\":2400,\"height\":1195},{\"@type\":\"BreadcrumbList\",\"@id\":\"https:\\\/\\\/shmupmania.com.br\\\/#breadcrumb\",\"itemListElement\":[{\"@type\":\"ListItem\",\"position\":1,\"name\":\"Home\",\"item\":\"https:\\\/\\\/shmupmania.com.br\\\/\"},{\"@type\":\"ListItem\",\"position\":2,\"name\":\"Novidades\"}]},{\"@type\":\"WebSite\",\"@id\":\"https:\\\/\\\/shmupmania.com.br\\\/#website\",\"url\":\"https:\\\/\\\/shmupmania.com.br\\\/\",\"name\":\"Shmup Mania\",\"description\":\"A revista dos shoot &#039;em ups\",\"publisher\":{\"@id\":\"https:\\\/\\\/shmupmania.com.br\\\/#organization\"},\"potentialAction\":[{\"@type\":\"SearchAction\",\"target\":{\"@type\":\"EntryPoint\",\"urlTemplate\":\"https:\\\/\\\/shmupmania.com.br\\\/?s={search_term_string}\"},\"query-input\":{\"@type\":\"PropertyValueSpecification\",\"valueRequired\":true,\"valueName\":\"search_term_string\"}}],\"inLanguage\":\"pt-BR\"},{\"@type\":\"Organization\",\"@id\":\"https:\\\/\\\/shmupmania.com.br\\\/#organization\",\"name\":\"Shmup Mania\",\"url\":\"https:\\\/\\\/shmupmania.com.br\\\/\",\"logo\":{\"@type\":\"ImageObject\",\"inLanguage\":\"pt-BR\",\"@id\":\"https:\\\/\\\/shmupmania.com.br\\\/#\\\/schema\\\/logo\\\/image\\\/\",\"url\":\"https:\\\/\\\/shmupmania.com.br\\\/wp-content\\\/uploads\\\/2021\\\/09\\\/logo.jpeg\",\"contentUrl\":\"https:\\\/\\\/shmupmania.com.br\\\/wp-content\\\/uploads\\\/2021\\\/09\\\/logo.jpeg\",\"width\":498,\"height\":224,\"caption\":\"Shmup Mania\"},\"image\":{\"@id\":\"https:\\\/\\\/shmupmania.com.br\\\/#\\\/schema\\\/logo\\\/image\\\/\"},\"sameAs\":[\"https:\\\/\\\/www.facebook.com\\\/groups\\\/154479990165334\",\"https:\\\/\\\/x.com\\\/Shmup_Mania\"]}]}<\/script>\n<!-- \/ Yoast SEO plugin. -->","yoast_head_json":{"title":"Novidades - Shmup Mania","robots":{"index":"index","follow":"follow","max-snippet":"max-snippet:-1","max-image-preview":"max-image-preview:large","max-video-preview":"max-video-preview:-1"},"canonical":"https:\/\/shmupmania.com.br\/","og_locale":"pt_BR","og_type":"article","og_title":"Novidades - Shmup Mania","og_description":"Iniciou a pr\u00e9-venda da quinta edi\u00e7\u00e3o da Shmup Mania!","og_url":"https:\/\/shmupmania.com.br\/","og_site_name":"Shmup Mania","article_publisher":"https:\/\/www.facebook.com\/groups\/154479990165334","article_modified_time":"2025-09-17T01:36:06+00:00","og_image":[{"width":2400,"height":1195,"url":"https:\/\/shmupmania.com.br\/wp-content\/uploads\/2025\/09\/Abertura_Catarse5_HD_formato-1.jpg","type":"image\/jpeg"}],"twitter_card":"summary_large_image","twitter_site":"@Shmup_Mania","twitter_misc":{"Est. tempo de leitura":"1 minuto"},"schema":{"@context":"https:\/\/schema.org","@graph":[{"@type":"WebPage","@id":"https:\/\/shmupmania.com.br\/","url":"https:\/\/shmupmania.com.br\/","name":"Novidades - Shmup Mania","isPartOf":{"@id":"https:\/\/shmupmania.com.br\/#website"},"primaryImageOfPage":{"@id":"https:\/\/shmupmania.com.br\/#primaryimage"},"image":{"@id":"https:\/\/shmupmania.com.br\/#primaryimage"},"thumbnailUrl":"https:\/\/shmupmania.com.br\/wp-content\/uploads\/2025\/09\/Abertura_Catarse5_HD_formato-1-1024x510.jpg","datePublished":"2021-02-12T18:34:17+00:00","dateModified":"2025-09-17T01:36:06+00:00","breadcrumb":{"@id":"https:\/\/shmupmania.com.br\/#breadcrumb"},"inLanguage":"pt-BR","potentialAction":[{"@type":"ReadAction","target":["https:\/\/shmupmania.com.br\/"]}]},{"@type":"ImageObject","inLanguage":"pt-BR","@id":"https:\/\/shmupmania.com.br\/#primaryimage","url":"https:\/\/shmupmania.com.br\/wp-content\/uploads\/2025\/09\/Abertura_Catarse5_HD_formato-1.jpg","contentUrl":"https:\/\/shmupmania.com.br\/wp-content\/uploads\/2025\/09\/Abertura_Catarse5_HD_formato-1.jpg","width":2400,"height":1195},{"@type":"BreadcrumbList","@id":"https:\/\/shmupmania.com.br\/#breadcrumb","itemListElement":[{"@type":"ListItem","position":1,"name":"Home","item":"https:\/\/shmupmania.com.br\/"},{"@type":"ListItem","position":2,"name":"Novidades"}]},{"@type":"WebSite","@id":"https:\/\/shmupmania.com.br\/#website","url":"https:\/\/shmupmania.com.br\/","name":"Shmup Mania","description":"A revista dos shoot &#039;em ups","publisher":{"@id":"https:\/\/shmupmania.com.br\/#organization"},"potentialAction":[{"@type":"SearchAction","target":{"@type":"EntryPoint","urlTemplate":"https:\/\/shmupmania.com.br\/?s={search_term_string}"},"query-input":{"@type":"PropertyValueSpecification","valueRequired":true,"valueName":"search_term_string"}}],"inLanguage":"pt-BR"},{"@type":"Organization","@id":"https:\/\/shmupmania.com.br\/#organization","name":"Shmup Mania","url":"https:\/\/shmupmania.com.br\/","logo":{"@type":"ImageObject","inLanguage":"pt-BR","@id":"https:\/\/shmupmania.com.br\/#\/schema\/logo\/image\/","url":"https:\/\/shmupmania.com.br\/wp-content\/uploads\/2021\/09\/logo.jpeg","contentUrl":"https:\/\/shmupmania.com.br\/wp-content\/uploads\/2021\/09\/logo.jpeg","width":498,"height":224,"caption":"Shmup Mania"},"image":{"@id":"https:\/\/shmupmania.com.br\/#\/schema\/logo\/image\/"},"sameAs":["https:\/\/www.facebook.com\/groups\/154479990165334","https:\/\/x.com\/Shmup_Mania"]}]}},"_links":{"self":[{"href":"https:\/\/shmupmania.com.br\/index.php?rest_route=\/wp\/v2\/pages\/319","targetHints":{"allow":["GET"]}}],"collection":[{"href":"https:\/\/shmupmania.com.br\/index.php?rest_route=\/wp\/v2\/pages"}],"about":[{"href":"https:\/\/shmupmania.com.br\/index.php?rest_route=\/wp\/v2\/types\/page"}],"author":[{"embeddable":true,"href":"https:\/\/shmupmania.com.br\/index.php?rest_route=\/wp\/v2\/users\/1"}],"replies":[{"embeddable":true,"href":"https:\/\/shmupmania.com.br\/index.php?rest_route=%2Fwp%2Fv2%2Fcomments&post=319"}],"version-history":[{"count":29,"href":"https:\/\/shmupmania.com.br\/index.php?rest_route=\/wp\/v2\/pages\/319\/revisions"}],"predecessor-version":[{"id":741,"href":"https:\/\/shmupmania.com.br\/index.php?rest_route=\/wp\/v2\/pages\/319\/revisions\/741"}],"wp:attachment":[{"href":"https:\/\/shmupmania.com.br\/index.php?rest_route=%2Fwp%2Fv2%2Fmedia&parent=319"}],"curies":[{"name":"wp","href":"https:\/\/api.w.org\/{rel}","templated":true}]}}